{"id":18472,"date":"2025-09-03T13:57:06","date_gmt":"2025-09-03T11:57:06","guid":{"rendered":"https:\/\/julietavarez.wp1.rwdesarrollos.es\/declaration-daccessibilite\/"},"modified":"2025-10-02T08:46:00","modified_gmt":"2025-10-02T06:46:00","slug":"declaration-daccessibilite","status":"publish","type":"page","link":"https:\/\/julietavarez.wp1.rwdesarrollos.es\/fr\/declaration-daccessibilite\/","title":{"rendered":"D\u00e9claration d\u2019accessibilit\u00e9"},"content":{"rendered":"\t\t<div data-elementor-type=\"wp-page\" data-elementor-id=\"18472\" class=\"elementor elementor-18472 elementor-18229\" data-elementor-post-type=\"page\">\n\t\t\t\t\t\t<section class=\"elementor-section elementor-top-section elementor-element elementor-element-2b1184b0 elementor-section-boxed elementor-section-height-default elementor-section-height-default sc_fly_static\" data-id=\"2b1184b0\" data-element_type=\"section\" data-settings=\"{&quot;background_background&quot;:&quot;classic&quot;}\">\n\t\t\t\t\t\t<div class=\"elementor-container elementor-column-gap-extended\">\n\t\t\t\t\t<div class=\"elementor-column elementor-col-100 elementor-top-column elementor-element elementor-element-153e1c19 sc_content_align_inherit sc_layouts_column_icons_position_left sc_fly_static\" data-id=\"153e1c19\" data-element_type=\"column\">\n\t\t\t<div class=\"elementor-widget-wrap elementor-element-populated\">\n\t\t\t\t\t\t<div class=\"elementor-element elementor-element-54db29de sc_fly_static elementor-widget elementor-widget-text-editor\" data-id=\"54db29de\" data-element_type=\"widget\" data-widget_type=\"text-editor.default\">\n\t\t\t\t<div class=\"elementor-widget-container\">\n\t\t\t\t\t\t\t\t\t<section data-element_type=\"section\" data-id=\"6bc04d5\"><div data-element_type=\"column\" data-id=\"a74314e\"><div data-element_type=\"widget\" data-id=\"8c50680\" data-widget_type=\"text-editor.default\"><p>El organismo Kheiron se ha comprometido a hacer accesible <a href=\"https:\/\/julietavares.com\">https:\/\/julietavares.com<\/a>, de conformidad con el Real Decreto 1112\/2018, de 7 de septiembre, sobre accesibilidad de los sitios web y aplicaciones para dispositivos m\u00f3viles del sector p\u00fablico.<\/p><p>La presente declaraci\u00f3n de accesibilidad se aplica al sitio web <a href=\"https:\/\/julietavares.com\">https:\/\/julietavares.com<\/a><\/p><p>Este sitio web es plenamente conforme con <strong>RD 1112\/2018<\/strong>.<\/p><\/div><\/div><\/section><section data-element_type=\"section\" data-id=\"5783656\"><div data-element_type=\"column\" data-id=\"5afb6cb\"><div data-element_type=\"widget\" data-id=\"0876d76\" data-widget_type=\"text-editor.default\"><p>La presente declaraci\u00f3n fue preparada el 23 de julio de 2024.<br \/>El m\u00e9todo empleado para preparar la declaraci\u00f3n ha sido una autoevaluaci\u00f3n llevada a cabo por el propio organismo.<br \/>\u00daltima revisi\u00f3n de la declaraci\u00f3n: 23 de julio de 2024.<\/p><\/div><\/div><\/section>\t\t\t\t\t\t\t\t<\/div>\n\t\t\t\t<\/div>\n\t\t\t\t\t<\/div>\n\t\t<\/div>\n\t\t\t\t\t<\/div>\n\t\t<\/section>\n\t\t\t\t<section class=\"elementor-section elementor-top-section elementor-element elementor-element-7ef86bc8 elementor-section-boxed elementor-section-height-default elementor-section-height-default sc_fly_static\" data-id=\"7ef86bc8\" data-element_type=\"section\">\n\t\t\t\t\t\t<div class=\"elementor-container elementor-column-gap-extended\">\n\t\t\t\t\t<div class=\"elementor-column elementor-col-100 elementor-top-column elementor-element elementor-element-19372eea sc_content_align_inherit sc_layouts_column_icons_position_left sc_fly_static\" data-id=\"19372eea\" data-element_type=\"column\">\n\t\t\t<div class=\"elementor-widget-wrap elementor-element-populated\">\n\t\t\t\t\t\t<div class=\"elementor-element elementor-element-690b98ed sc_fly_static elementor-widget elementor-widget-spacer\" data-id=\"690b98ed\" data-element_type=\"widget\" data-widget_type=\"spacer.default\">\n\t\t\t\t<div class=\"elementor-widget-container\">\n\t\t\t\t\t\t\t<div class=\"elementor-spacer\">\n\t\t\t<div class=\"elementor-spacer-inner\"><\/div>\n\t\t<\/div>\n\t\t\t\t\t\t<\/div>\n\t\t\t\t<\/div>\n\t\t\t\t\t<\/div>\n\t\t<\/div>\n\t\t\t\t\t<\/div>\n\t\t<\/section>\n\t\t\t\t<\/div>\n\t\t","protected":false},"excerpt":{"rendered":"<p>El organismo Kheiron se ha comprometido a hacer accesible https:\/\/julietavares.com, de conformidad con el Real Decreto 1112\/2018, de 7 de septiembre, sobre accesibilidad de los sitios web y aplicaciones para&hellip;<\/p>\n","protected":false},"author":1,"featured_media":0,"parent":0,"menu_order":0,"comment_status":"closed","ping_status":"closed","template":"","meta":{"footnotes":""},"class_list":["post-18472","page","type-page","status-publish","hentry"],"yoast_head":"<!-- This site is optimized with the Yoast SEO plugin v26.0 - https:\/\/yoast.com\/wordpress\/plugins\/seo\/ -->\n<title>D\u00e9claration d\u2019accessibilit\u00e9 - Julie Tavares<\/title>\n<meta name=\"robots\" content=\"noindex, nofollow\" \/>\n<meta property=\"og:locale\" content=\"fr_FR\" \/>\n<meta property=\"og:type\" content=\"article\" \/>\n<meta property=\"og:title\" content=\"D\u00e9claration d\u2019accessibilit\u00e9 - Julie Tavares\" \/>\n<meta property=\"og:description\" content=\"El organismo Kheiron se ha comprometido a hacer accesible https:\/\/julietavares.com, de conformidad con el Real Decreto 1112\/2018, de 7 de septiembre, sobre accesibilidad de los sitios web y aplicaciones para&hellip;\" \/>\n<meta property=\"og:url\" content=\"https:\/\/julietavarez.wp1.rwdesarrollos.es\/fr\/declaration-daccessibilite\/\" \/>\n<meta property=\"og:site_name\" content=\"Julie Tavares\" \/>\n<meta property=\"article:modified_time\" content=\"2025-10-02T06:46:00+00:00\" \/>\n<meta name=\"twitter:card\" content=\"summary_large_image\" \/>\n<meta name=\"twitter:label1\" content=\"Dur\u00e9e de lecture estim\u00e9e\" \/>\n\t<meta name=\"twitter:data1\" content=\"1 minute\" \/>\n<script type=\"application\/ld+json\" class=\"yoast-schema-graph\">{\"@context\":\"https:\/\/schema.org\",\"@graph\":[{\"@type\":\"WebPage\",\"@id\":\"https:\/\/julietavarez.wp1.rwdesarrollos.es\/fr\/declaration-daccessibilite\/\",\"url\":\"https:\/\/julietavarez.wp1.rwdesarrollos.es\/fr\/declaration-daccessibilite\/\",\"name\":\"D\u00e9claration d\u2019accessibilit\u00e9 - Julie Tavares\",\"isPartOf\":{\"@id\":\"https:\/\/julietavarez.wp1.rwdesarrollos.es\/fr\/#website\"},\"datePublished\":\"2025-09-03T11:57:06+00:00\",\"dateModified\":\"2025-10-02T06:46:00+00:00\",\"breadcrumb\":{\"@id\":\"https:\/\/julietavarez.wp1.rwdesarrollos.es\/fr\/declaration-daccessibilite\/#breadcrumb\"},\"inLanguage\":\"fr-FR\",\"potentialAction\":[{\"@type\":\"ReadAction\",\"target\":[\"https:\/\/julietavarez.wp1.rwdesarrollos.es\/fr\/declaration-daccessibilite\/\"]}]},{\"@type\":\"BreadcrumbList\",\"@id\":\"https:\/\/julietavarez.wp1.rwdesarrollos.es\/fr\/declaration-daccessibilite\/#breadcrumb\",\"itemListElement\":[{\"@type\":\"ListItem\",\"position\":1,\"name\":\"Portada\",\"item\":\"https:\/\/julietavarez.wp1.rwdesarrollos.es\/fr\/\"},{\"@type\":\"ListItem\",\"position\":2,\"name\":\"D\u00e9claration d\u2019accessibilit\u00e9\"}]},{\"@type\":\"WebSite\",\"@id\":\"https:\/\/julietavarez.wp1.rwdesarrollos.es\/fr\/#website\",\"url\":\"https:\/\/julietavarez.wp1.rwdesarrollos.es\/fr\/\",\"name\":\"Julie Tavares\",\"description\":\"Terapeuta Human\u00edstica\",\"publisher\":{\"@id\":\"https:\/\/julietavarez.wp1.rwdesarrollos.es\/fr\/#\/schema\/person\/4a250d4332442d3c281eaa76e5abb7d3\"},\"potentialAction\":[{\"@type\":\"SearchAction\",\"target\":{\"@type\":\"EntryPoint\",\"urlTemplate\":\"https:\/\/julietavarez.wp1.rwdesarrollos.es\/fr\/?s={search_term_string}\"},\"query-input\":{\"@type\":\"PropertyValueSpecification\",\"valueRequired\":true,\"valueName\":\"search_term_string\"}}],\"inLanguage\":\"fr-FR\"},{\"@type\":[\"Person\",\"Organization\"],\"@id\":\"https:\/\/julietavarez.wp1.rwdesarrollos.es\/fr\/#\/schema\/person\/4a250d4332442d3c281eaa76e5abb7d3\",\"name\":\"refineria\",\"image\":{\"@type\":\"ImageObject\",\"inLanguage\":\"fr-FR\",\"@id\":\"https:\/\/julietavarez.wp1.rwdesarrollos.es\/fr\/#\/schema\/person\/image\/\",\"url\":\"https:\/\/julietavarez.wp1.rwdesarrollos.es\/wp-content\/uploads\/2020\/12\/Diseno-sin-titulo-51.png\",\"contentUrl\":\"https:\/\/julietavarez.wp1.rwdesarrollos.es\/wp-content\/uploads\/2020\/12\/Diseno-sin-titulo-51.png\",\"width\":500,\"height\":500,\"caption\":\"refineria\"},\"logo\":{\"@id\":\"https:\/\/julietavarez.wp1.rwdesarrollos.es\/fr\/#\/schema\/person\/image\/\"},\"sameAs\":[\"https:\/\/julietavarez.wp1.rwdesarrollos.es\"]}]}<\/script>\n<!-- \/ Yoast SEO plugin. -->","yoast_head_json":{"title":"D\u00e9claration d\u2019accessibilit\u00e9 - Julie Tavares","robots":{"index":"noindex","follow":"nofollow"},"og_locale":"fr_FR","og_type":"article","og_title":"D\u00e9claration d\u2019accessibilit\u00e9 - Julie Tavares","og_description":"El organismo Kheiron se ha comprometido a hacer accesible https:\/\/julietavares.com, de conformidad con el Real Decreto 1112\/2018, de 7 de septiembre, sobre accesibilidad de los sitios web y aplicaciones para&hellip;","og_url":"https:\/\/julietavarez.wp1.rwdesarrollos.es\/fr\/declaration-daccessibilite\/","og_site_name":"Julie Tavares","article_modified_time":"2025-10-02T06:46:00+00:00","twitter_card":"summary_large_image","twitter_misc":{"Dur\u00e9e de lecture estim\u00e9e":"1 minute"},"schema":{"@context":"https:\/\/schema.org","@graph":[{"@type":"WebPage","@id":"https:\/\/julietavarez.wp1.rwdesarrollos.es\/fr\/declaration-daccessibilite\/","url":"https:\/\/julietavarez.wp1.rwdesarrollos.es\/fr\/declaration-daccessibilite\/","name":"D\u00e9claration d\u2019accessibilit\u00e9 - Julie Tavares","isPartOf":{"@id":"https:\/\/julietavarez.wp1.rwdesarrollos.es\/fr\/#website"},"datePublished":"2025-09-03T11:57:06+00:00","dateModified":"2025-10-02T06:46:00+00:00","breadcrumb":{"@id":"https:\/\/julietavarez.wp1.rwdesarrollos.es\/fr\/declaration-daccessibilite\/#breadcrumb"},"inLanguage":"fr-FR","potentialAction":[{"@type":"ReadAction","target":["https:\/\/julietavarez.wp1.rwdesarrollos.es\/fr\/declaration-daccessibilite\/"]}]},{"@type":"BreadcrumbList","@id":"https:\/\/julietavarez.wp1.rwdesarrollos.es\/fr\/declaration-daccessibilite\/#breadcrumb","itemListElement":[{"@type":"ListItem","position":1,"name":"Portada","item":"https:\/\/julietavarez.wp1.rwdesarrollos.es\/fr\/"},{"@type":"ListItem","position":2,"name":"D\u00e9claration d\u2019accessibilit\u00e9"}]},{"@type":"WebSite","@id":"https:\/\/julietavarez.wp1.rwdesarrollos.es\/fr\/#website","url":"https:\/\/julietavarez.wp1.rwdesarrollos.es\/fr\/","name":"Julie Tavares","description":"Terapeuta Human\u00edstica","publisher":{"@id":"https:\/\/julietavarez.wp1.rwdesarrollos.es\/fr\/#\/schema\/person\/4a250d4332442d3c281eaa76e5abb7d3"},"potentialAction":[{"@type":"SearchAction","target":{"@type":"EntryPoint","urlTemplate":"https:\/\/julietavarez.wp1.rwdesarrollos.es\/fr\/?s={search_term_string}"},"query-input":{"@type":"PropertyValueSpecification","valueRequired":true,"valueName":"search_term_string"}}],"inLanguage":"fr-FR"},{"@type":["Person","Organization"],"@id":"https:\/\/julietavarez.wp1.rwdesarrollos.es\/fr\/#\/schema\/person\/4a250d4332442d3c281eaa76e5abb7d3","name":"refineria","image":{"@type":"ImageObject","inLanguage":"fr-FR","@id":"https:\/\/julietavarez.wp1.rwdesarrollos.es\/fr\/#\/schema\/person\/image\/","url":"https:\/\/julietavarez.wp1.rwdesarrollos.es\/wp-content\/uploads\/2020\/12\/Diseno-sin-titulo-51.png","contentUrl":"https:\/\/julietavarez.wp1.rwdesarrollos.es\/wp-content\/uploads\/2020\/12\/Diseno-sin-titulo-51.png","width":500,"height":500,"caption":"refineria"},"logo":{"@id":"https:\/\/julietavarez.wp1.rwdesarrollos.es\/fr\/#\/schema\/person\/image\/"},"sameAs":["https:\/\/julietavarez.wp1.rwdesarrollos.es"]}]}},"_links":{"self":[{"href":"https:\/\/julietavarez.wp1.rwdesarrollos.es\/fr\/wp-json\/wp\/v2\/pages\/18472","targetHints":{"allow":["GET"]}}],"collection":[{"href":"https:\/\/julietavarez.wp1.rwdesarrollos.es\/fr\/wp-json\/wp\/v2\/pages"}],"about":[{"href":"https:\/\/julietavarez.wp1.rwdesarrollos.es\/fr\/wp-json\/wp\/v2\/types\/page"}],"author":[{"embeddable":true,"href":"https:\/\/julietavarez.wp1.rwdesarrollos.es\/fr\/wp-json\/wp\/v2\/users\/1"}],"replies":[{"embeddable":true,"href":"https:\/\/julietavarez.wp1.rwdesarrollos.es\/fr\/wp-json\/wp\/v2\/comments?post=18472"}],"version-history":[{"count":4,"href":"https:\/\/julietavarez.wp1.rwdesarrollos.es\/fr\/wp-json\/wp\/v2\/pages\/18472\/revisions"}],"predecessor-version":[{"id":19253,"href":"https:\/\/julietavarez.wp1.rwdesarrollos.es\/fr\/wp-json\/wp\/v2\/pages\/18472\/revisions\/19253"}],"wp:attachment":[{"href":"https:\/\/julietavarez.wp1.rwdesarrollos.es\/fr\/wp-json\/wp\/v2\/media?parent=18472"}],"curies":[{"name":"wp","href":"https:\/\/api.w.org\/{rel}","templated":true}]}}