{"id":18474,"date":"2025-09-03T13:56:04","date_gmt":"2025-09-03T11:56:04","guid":{"rendered":"https:\/\/julietavarez.wp1.rwdesarrollos.es\/mentions-legales\/"},"modified":"2025-10-02T08:45:31","modified_gmt":"2025-10-02T06:45:31","slug":"mentions-legales","status":"publish","type":"page","link":"https:\/\/julietavarez.wp1.rwdesarrollos.es\/fr\/mentions-legales\/","title":{"rendered":"Mentions l\u00e9gales"},"content":{"rendered":"\t\t<div data-elementor-type=\"wp-page\" data-elementor-id=\"18474\" class=\"elementor elementor-18474 elementor-18227\" data-elementor-post-type=\"page\">\n\t\t\t\t\t\t<section class=\"elementor-section elementor-top-section elementor-element elementor-element-22ece7e elementor-section-boxed elementor-section-height-default elementor-section-height-default sc_fly_static\" data-id=\"22ece7e\" data-element_type=\"section\">\n\t\t\t\t\t\t<div class=\"elementor-container elementor-column-gap-extended\">\n\t\t\t\t\t<div class=\"elementor-column elementor-col-100 elementor-top-column elementor-element elementor-element-24f7a38 sc_content_align_inherit sc_layouts_column_icons_position_left sc_fly_static\" data-id=\"24f7a38\" data-element_type=\"column\">\n\t\t\t<div class=\"elementor-widget-wrap elementor-element-populated\">\n\t\t\t\t\t\t<div class=\"elementor-element elementor-element-40a8b7d sc_fly_static elementor-widget elementor-widget-text-editor\" data-id=\"40a8b7d\" data-element_type=\"widget\" data-widget_type=\"text-editor.default\">\n\t\t\t\t<div class=\"elementor-widget-container\">\n\t\t\t\t\t\t\t\t\t<p><span style=\"font-weight: 400;\">Conform\u00e9ment \u00e0 la Loi 34\/2002, du 11 juillet, sur les services de la soci\u00e9t\u00e9 de l\u2019information et du commerce \u00e9lectronique (LSSI-CE), il est port\u00e9 \u00e0 la connaissance des utilisateurs que le propri\u00e9taire de ce site web est:<\/span><\/p><p><b>Propri\u00e9taire:<\/b><span style=\"font-weight: 400;\"> Julie Tavares de Almeida<\/span><\/p><p><b>NIE:<\/b><span style=\"font-weight: 400;\"> Y5329145J<\/span><\/p><p><b>Adresse:<\/b><span style=\"font-weight: 400;\"> Camino Viejo de Bunyola, km 11,6, 07110 Bunyola, \u00celes Bal\u00e9ares, Espagne<\/span><\/p><p><b>E-mail:<\/b><span style=\"font-weight: 400;\"> julie.tavaresdealmeida@gmail.com<\/span><\/p><p><b>Domaine web:<\/b><span style=\"font-weight: 400;\"> www.julietavares.com<\/span><\/p>\t\t\t\t\t\t\t\t<\/div>\n\t\t\t\t<\/div>\n\t\t\t\t\t<\/div>\n\t\t<\/div>\n\t\t\t\t\t<\/div>\n\t\t<\/section>\n\t\t\t\t<section class=\"elementor-section elementor-top-section elementor-element elementor-element-c930ac1 elementor-section-boxed elementor-section-height-default elementor-section-height-default sc_fly_static\" data-id=\"c930ac1\" data-element_type=\"section\">\n\t\t\t\t\t\t<div class=\"elementor-container elementor-column-gap-extended\">\n\t\t\t\t\t<div class=\"elementor-column elementor-col-100 elementor-top-column elementor-element elementor-element-33e002e sc_content_align_inherit sc_layouts_column_icons_position_left sc_fly_static\" data-id=\"33e002e\" data-element_type=\"column\">\n\t\t\t<div class=\"elementor-widget-wrap elementor-element-populated\">\n\t\t\t\t\t\t<div class=\"elementor-element elementor-element-937454c sc_fly_static elementor-widget elementor-widget-heading\" data-id=\"937454c\" data-element_type=\"widget\" data-widget_type=\"heading.default\">\n\t\t\t\t<div class=\"elementor-widget-container\">\n\t\t\t\t\t<h3 class=\"elementor-heading-title elementor-size-default\">Objet du site<\/h3>\t\t\t\t<\/div>\n\t\t\t\t<\/div>\n\t\t\t\t<div class=\"elementor-element elementor-element-ea1a102 sc_fly_static elementor-widget elementor-widget-text-editor\" data-id=\"ea1a102\" data-element_type=\"widget\" data-widget_type=\"text-editor.default\">\n\t\t\t\t<div class=\"elementor-widget-container\">\n\t\t\t\t\t\t\t\t\t<p><span style=\"font-weight: 400;\">Ce site internet a pour objectif de fournir des informations sur les services d\u2019hypnoth\u00e9rapie et de th\u00e9rapies holistiques propos\u00e9s par la propri\u00e9taire.<\/span><\/p>\t\t\t\t\t\t\t\t<\/div>\n\t\t\t\t<\/div>\n\t\t\t\t\t<\/div>\n\t\t<\/div>\n\t\t\t\t\t<\/div>\n\t\t<\/section>\n\t\t\t\t<section class=\"elementor-section elementor-top-section elementor-element elementor-element-2a4bdc2 elementor-section-boxed elementor-section-height-default elementor-section-height-default sc_fly_static\" data-id=\"2a4bdc2\" data-element_type=\"section\">\n\t\t\t\t\t\t<div class=\"elementor-container elementor-column-gap-extended\">\n\t\t\t\t\t<div class=\"elementor-column elementor-col-100 elementor-top-column elementor-element elementor-element-f6963d9 sc_content_align_inherit sc_layouts_column_icons_position_left sc_fly_static\" data-id=\"f6963d9\" data-element_type=\"column\">\n\t\t\t<div class=\"elementor-widget-wrap elementor-element-populated\">\n\t\t\t\t\t\t<div class=\"elementor-element elementor-element-bc275cc sc_fly_static elementor-widget elementor-widget-heading\" data-id=\"bc275cc\" data-element_type=\"widget\" data-widget_type=\"heading.default\">\n\t\t\t\t<div class=\"elementor-widget-container\">\n\t\t\t\t\t<h3 class=\"elementor-heading-title elementor-size-default\">Utilisation du site<\/h3>\t\t\t\t<\/div>\n\t\t\t\t<\/div>\n\t\t\t\t<div class=\"elementor-element elementor-element-5bf8f62 sc_fly_static elementor-widget elementor-widget-text-editor\" data-id=\"5bf8f62\" data-element_type=\"widget\" data-widget_type=\"text-editor.default\">\n\t\t\t\t<div class=\"elementor-widget-container\">\n\t\t\t\t\t\t\t\t\t<p><span style=\"font-weight: 400;\">L\u2019acc\u00e8s et l\u2019utilisation de ce site attribuent la condition d\u2019utilisateur et impliquent l\u2019acceptation pleine et enti\u00e8re des pr\u00e9sentes mentions l\u00e9gales. L\u2019utilisateur s\u2019engage \u00e0 faire un usage appropri\u00e9 des contenus du site, en \u00e9vitant tout comportement illicite ou contraire \u00e0 la bonne foi et \u00e0 l\u2019ordre public.<\/span><\/p>\t\t\t\t\t\t\t\t<\/div>\n\t\t\t\t<\/div>\n\t\t\t\t\t<\/div>\n\t\t<\/div>\n\t\t\t\t\t<\/div>\n\t\t<\/section>\n\t\t\t\t<section class=\"elementor-section elementor-top-section elementor-element elementor-element-a6c4765 elementor-section-boxed elementor-section-height-default elementor-section-height-default sc_fly_static\" data-id=\"a6c4765\" data-element_type=\"section\">\n\t\t\t\t\t\t<div class=\"elementor-container elementor-column-gap-extended\">\n\t\t\t\t\t<div class=\"elementor-column elementor-col-100 elementor-top-column elementor-element elementor-element-05596df sc_content_align_inherit sc_layouts_column_icons_position_left sc_fly_static\" data-id=\"05596df\" data-element_type=\"column\">\n\t\t\t<div class=\"elementor-widget-wrap elementor-element-populated\">\n\t\t\t\t\t\t<div class=\"elementor-element elementor-element-a000320 sc_fly_static elementor-widget elementor-widget-heading\" data-id=\"a000320\" data-element_type=\"widget\" data-widget_type=\"heading.default\">\n\t\t\t\t<div class=\"elementor-widget-container\">\n\t\t\t\t\t<h3 class=\"elementor-heading-title elementor-size-default\">Propri\u00e9t\u00e9 intellectuelle et industrielle<\/h3>\t\t\t\t<\/div>\n\t\t\t\t<\/div>\n\t\t\t\t<div class=\"elementor-element elementor-element-f0086ca sc_fly_static elementor-widget elementor-widget-text-editor\" data-id=\"f0086ca\" data-element_type=\"widget\" data-widget_type=\"text-editor.default\">\n\t\t\t\t<div class=\"elementor-widget-container\">\n\t\t\t\t\t\t\t\t\t<p><span style=\"font-weight: 400;\">Tous les contenus du site (textes, images, logos, design, etc.) sont prot\u00e9g\u00e9s par la l\u00e9gislation en vigueur sur la propri\u00e9t\u00e9 intellectuelle. Leur reproduction, distribution ou utilisation sans autorisation est interdite.<\/span><\/p>\t\t\t\t\t\t\t\t<\/div>\n\t\t\t\t<\/div>\n\t\t\t\t\t<\/div>\n\t\t<\/div>\n\t\t\t\t\t<\/div>\n\t\t<\/section>\n\t\t\t\t<section class=\"elementor-section elementor-top-section elementor-element elementor-element-1c1ae0b elementor-section-boxed elementor-section-height-default elementor-section-height-default sc_fly_static\" data-id=\"1c1ae0b\" data-element_type=\"section\">\n\t\t\t\t\t\t<div class=\"elementor-container elementor-column-gap-extended\">\n\t\t\t\t\t<div class=\"elementor-column elementor-col-100 elementor-top-column elementor-element elementor-element-63efabb sc_content_align_inherit sc_layouts_column_icons_position_left sc_fly_static\" data-id=\"63efabb\" data-element_type=\"column\">\n\t\t\t<div class=\"elementor-widget-wrap elementor-element-populated\">\n\t\t\t\t\t\t<div class=\"elementor-element elementor-element-091a8ce sc_fly_static elementor-widget elementor-widget-heading\" data-id=\"091a8ce\" data-element_type=\"widget\" data-widget_type=\"heading.default\">\n\t\t\t\t<div class=\"elementor-widget-container\">\n\t\t\t\t\t<h3 class=\"elementor-heading-title elementor-size-default\">Protection des donn\u00e9es<\/h3>\t\t\t\t<\/div>\n\t\t\t\t<\/div>\n\t\t\t\t<div class=\"elementor-element elementor-element-0eca9cc sc_fly_static elementor-widget elementor-widget-text-editor\" data-id=\"0eca9cc\" data-element_type=\"widget\" data-widget_type=\"text-editor.default\">\n\t\t\t\t<div class=\"elementor-widget-container\">\n\t\t\t\t\t\t\t\t\t<p><span style=\"font-weight: 400;\">Conform\u00e9ment au R\u00e8glement G\u00e9n\u00e9ral sur la Protection des Donn\u00e9es (RGPD \u2013 UE 2016\/679), les donn\u00e9es personnelles collect\u00e9es via ce site sont trait\u00e9es avec la plus stricte confidentialit\u00e9 et utilis\u00e9es uniquement pour r\u00e9pondre aux demandes de contact ou fournir les services sollicit\u00e9s. L\u2019utilisateur peut exercer ses droits d\u2019acc\u00e8s, de rectification, d\u2019effacement et de portabilit\u00e9 en \u00e9crivant \u00e0 l\u2019adresse e-mail : julie.tavaresdealmeida@gmail.com.<\/span><\/p>\t\t\t\t\t\t\t\t<\/div>\n\t\t\t\t<\/div>\n\t\t\t\t\t<\/div>\n\t\t<\/div>\n\t\t\t\t\t<\/div>\n\t\t<\/section>\n\t\t\t\t<\/div>\n\t\t","protected":false},"excerpt":{"rendered":"<p>Conform\u00e9ment \u00e0 la Loi 34\/2002, du 11 juillet, sur les services de la soci\u00e9t\u00e9 de l\u2019information et du commerce \u00e9lectronique (LSSI-CE), il est port\u00e9 \u00e0 la connaissance des utilisateurs que&hellip;<\/p>\n","protected":false},"author":1,"featured_media":0,"parent":0,"menu_order":0,"comment_status":"closed","ping_status":"closed","template":"","meta":{"footnotes":""},"class_list":["post-18474","page","type-page","status-publish","hentry"],"yoast_head":"<!-- This site is optimized with the Yoast SEO plugin v26.0 - https:\/\/yoast.com\/wordpress\/plugins\/seo\/ -->\n<title>Mentions l\u00e9gales - Julie Tavares<\/title>\n<meta name=\"robots\" content=\"noindex, nofollow\" \/>\n<meta property=\"og:locale\" content=\"fr_FR\" \/>\n<meta property=\"og:type\" content=\"article\" \/>\n<meta property=\"og:title\" content=\"Mentions l\u00e9gales - Julie Tavares\" \/>\n<meta property=\"og:description\" content=\"Conform\u00e9ment \u00e0 la Loi 34\/2002, du 11 juillet, sur les services de la soci\u00e9t\u00e9 de l\u2019information et du commerce \u00e9lectronique (LSSI-CE), il est port\u00e9 \u00e0 la connaissance des utilisateurs que&hellip;\" \/>\n<meta property=\"og:url\" content=\"https:\/\/julietavarez.wp1.rwdesarrollos.es\/fr\/mentions-legales\/\" \/>\n<meta property=\"og:site_name\" content=\"Julie Tavares\" \/>\n<meta property=\"article:modified_time\" content=\"2025-10-02T06:45:31+00:00\" \/>\n<meta name=\"twitter:card\" content=\"summary_large_image\" \/>\n<meta name=\"twitter:label1\" content=\"Dur\u00e9e de lecture estim\u00e9e\" \/>\n\t<meta name=\"twitter:data1\" content=\"2 minutes\" \/>\n<script type=\"application\/ld+json\" class=\"yoast-schema-graph\">{\"@context\":\"https:\/\/schema.org\",\"@graph\":[{\"@type\":\"WebPage\",\"@id\":\"https:\/\/julietavarez.wp1.rwdesarrollos.es\/fr\/mentions-legales\/\",\"url\":\"https:\/\/julietavarez.wp1.rwdesarrollos.es\/fr\/mentions-legales\/\",\"name\":\"Mentions l\u00e9gales - Julie Tavares\",\"isPartOf\":{\"@id\":\"https:\/\/julietavarez.wp1.rwdesarrollos.es\/fr\/#website\"},\"datePublished\":\"2025-09-03T11:56:04+00:00\",\"dateModified\":\"2025-10-02T06:45:31+00:00\",\"breadcrumb\":{\"@id\":\"https:\/\/julietavarez.wp1.rwdesarrollos.es\/fr\/mentions-legales\/#breadcrumb\"},\"inLanguage\":\"fr-FR\",\"potentialAction\":[{\"@type\":\"ReadAction\",\"target\":[\"https:\/\/julietavarez.wp1.rwdesarrollos.es\/fr\/mentions-legales\/\"]}]},{\"@type\":\"BreadcrumbList\",\"@id\":\"https:\/\/julietavarez.wp1.rwdesarrollos.es\/fr\/mentions-legales\/#breadcrumb\",\"itemListElement\":[{\"@type\":\"ListItem\",\"position\":1,\"name\":\"Portada\",\"item\":\"https:\/\/julietavarez.wp1.rwdesarrollos.es\/fr\/\"},{\"@type\":\"ListItem\",\"position\":2,\"name\":\"Mentions l\u00e9gales\"}]},{\"@type\":\"WebSite\",\"@id\":\"https:\/\/julietavarez.wp1.rwdesarrollos.es\/fr\/#website\",\"url\":\"https:\/\/julietavarez.wp1.rwdesarrollos.es\/fr\/\",\"name\":\"Julie Tavares\",\"description\":\"Terapeuta Human\u00edstica\",\"publisher\":{\"@id\":\"https:\/\/julietavarez.wp1.rwdesarrollos.es\/fr\/#\/schema\/person\/4a250d4332442d3c281eaa76e5abb7d3\"},\"potentialAction\":[{\"@type\":\"SearchAction\",\"target\":{\"@type\":\"EntryPoint\",\"urlTemplate\":\"https:\/\/julietavarez.wp1.rwdesarrollos.es\/fr\/?s={search_term_string}\"},\"query-input\":{\"@type\":\"PropertyValueSpecification\",\"valueRequired\":true,\"valueName\":\"search_term_string\"}}],\"inLanguage\":\"fr-FR\"},{\"@type\":[\"Person\",\"Organization\"],\"@id\":\"https:\/\/julietavarez.wp1.rwdesarrollos.es\/fr\/#\/schema\/person\/4a250d4332442d3c281eaa76e5abb7d3\",\"name\":\"refineria\",\"image\":{\"@type\":\"ImageObject\",\"inLanguage\":\"fr-FR\",\"@id\":\"https:\/\/julietavarez.wp1.rwdesarrollos.es\/fr\/#\/schema\/person\/image\/\",\"url\":\"https:\/\/julietavarez.wp1.rwdesarrollos.es\/wp-content\/uploads\/2020\/12\/Diseno-sin-titulo-51.png\",\"contentUrl\":\"https:\/\/julietavarez.wp1.rwdesarrollos.es\/wp-content\/uploads\/2020\/12\/Diseno-sin-titulo-51.png\",\"width\":500,\"height\":500,\"caption\":\"refineria\"},\"logo\":{\"@id\":\"https:\/\/julietavarez.wp1.rwdesarrollos.es\/fr\/#\/schema\/person\/image\/\"},\"sameAs\":[\"https:\/\/julietavarez.wp1.rwdesarrollos.es\"]}]}<\/script>\n<!-- \/ Yoast SEO plugin. -->","yoast_head_json":{"title":"Mentions l\u00e9gales - Julie Tavares","robots":{"index":"noindex","follow":"nofollow"},"og_locale":"fr_FR","og_type":"article","og_title":"Mentions l\u00e9gales - Julie Tavares","og_description":"Conform\u00e9ment \u00e0 la Loi 34\/2002, du 11 juillet, sur les services de la soci\u00e9t\u00e9 de l\u2019information et du commerce \u00e9lectronique (LSSI-CE), il est port\u00e9 \u00e0 la connaissance des utilisateurs que&hellip;","og_url":"https:\/\/julietavarez.wp1.rwdesarrollos.es\/fr\/mentions-legales\/","og_site_name":"Julie Tavares","article_modified_time":"2025-10-02T06:45:31+00:00","twitter_card":"summary_large_image","twitter_misc":{"Dur\u00e9e de lecture estim\u00e9e":"2 minutes"},"schema":{"@context":"https:\/\/schema.org","@graph":[{"@type":"WebPage","@id":"https:\/\/julietavarez.wp1.rwdesarrollos.es\/fr\/mentions-legales\/","url":"https:\/\/julietavarez.wp1.rwdesarrollos.es\/fr\/mentions-legales\/","name":"Mentions l\u00e9gales - Julie Tavares","isPartOf":{"@id":"https:\/\/julietavarez.wp1.rwdesarrollos.es\/fr\/#website"},"datePublished":"2025-09-03T11:56:04+00:00","dateModified":"2025-10-02T06:45:31+00:00","breadcrumb":{"@id":"https:\/\/julietavarez.wp1.rwdesarrollos.es\/fr\/mentions-legales\/#breadcrumb"},"inLanguage":"fr-FR","potentialAction":[{"@type":"ReadAction","target":["https:\/\/julietavarez.wp1.rwdesarrollos.es\/fr\/mentions-legales\/"]}]},{"@type":"BreadcrumbList","@id":"https:\/\/julietavarez.wp1.rwdesarrollos.es\/fr\/mentions-legales\/#breadcrumb","itemListElement":[{"@type":"ListItem","position":1,"name":"Portada","item":"https:\/\/julietavarez.wp1.rwdesarrollos.es\/fr\/"},{"@type":"ListItem","position":2,"name":"Mentions l\u00e9gales"}]},{"@type":"WebSite","@id":"https:\/\/julietavarez.wp1.rwdesarrollos.es\/fr\/#website","url":"https:\/\/julietavarez.wp1.rwdesarrollos.es\/fr\/","name":"Julie Tavares","description":"Terapeuta Human\u00edstica","publisher":{"@id":"https:\/\/julietavarez.wp1.rwdesarrollos.es\/fr\/#\/schema\/person\/4a250d4332442d3c281eaa76e5abb7d3"},"potentialAction":[{"@type":"SearchAction","target":{"@type":"EntryPoint","urlTemplate":"https:\/\/julietavarez.wp1.rwdesarrollos.es\/fr\/?s={search_term_string}"},"query-input":{"@type":"PropertyValueSpecification","valueRequired":true,"valueName":"search_term_string"}}],"inLanguage":"fr-FR"},{"@type":["Person","Organization"],"@id":"https:\/\/julietavarez.wp1.rwdesarrollos.es\/fr\/#\/schema\/person\/4a250d4332442d3c281eaa76e5abb7d3","name":"refineria","image":{"@type":"ImageObject","inLanguage":"fr-FR","@id":"https:\/\/julietavarez.wp1.rwdesarrollos.es\/fr\/#\/schema\/person\/image\/","url":"https:\/\/julietavarez.wp1.rwdesarrollos.es\/wp-content\/uploads\/2020\/12\/Diseno-sin-titulo-51.png","contentUrl":"https:\/\/julietavarez.wp1.rwdesarrollos.es\/wp-content\/uploads\/2020\/12\/Diseno-sin-titulo-51.png","width":500,"height":500,"caption":"refineria"},"logo":{"@id":"https:\/\/julietavarez.wp1.rwdesarrollos.es\/fr\/#\/schema\/person\/image\/"},"sameAs":["https:\/\/julietavarez.wp1.rwdesarrollos.es"]}]}},"_links":{"self":[{"href":"https:\/\/julietavarez.wp1.rwdesarrollos.es\/fr\/wp-json\/wp\/v2\/pages\/18474","targetHints":{"allow":["GET"]}}],"collection":[{"href":"https:\/\/julietavarez.wp1.rwdesarrollos.es\/fr\/wp-json\/wp\/v2\/pages"}],"about":[{"href":"https:\/\/julietavarez.wp1.rwdesarrollos.es\/fr\/wp-json\/wp\/v2\/types\/page"}],"author":[{"embeddable":true,"href":"https:\/\/julietavarez.wp1.rwdesarrollos.es\/fr\/wp-json\/wp\/v2\/users\/1"}],"replies":[{"embeddable":true,"href":"https:\/\/julietavarez.wp1.rwdesarrollos.es\/fr\/wp-json\/wp\/v2\/comments?post=18474"}],"version-history":[{"count":10,"href":"https:\/\/julietavarez.wp1.rwdesarrollos.es\/fr\/wp-json\/wp\/v2\/pages\/18474\/revisions"}],"predecessor-version":[{"id":19238,"href":"https:\/\/julietavarez.wp1.rwdesarrollos.es\/fr\/wp-json\/wp\/v2\/pages\/18474\/revisions\/19238"}],"wp:attachment":[{"href":"https:\/\/julietavarez.wp1.rwdesarrollos.es\/fr\/wp-json\/wp\/v2\/media?parent=18474"}],"curies":[{"name":"wp","href":"https:\/\/api.w.org\/{rel}","templated":true}]}}